{"id":169,"date":"2025-04-01T16:06:35","date_gmt":"2025-04-01T16:06:35","guid":{"rendered":"https:\/\/www.nachbarschaft-stiften.de\/?page_id=169"},"modified":"2025-04-24T15:23:48","modified_gmt":"2025-04-24T15:23:48","slug":"angebote-fuer-seniorinnen-2","status":"publish","type":"page","link":"https:\/\/www.nachbarschaft-stiften.de\/index.php\/angebote-fuer-seniorinnen-2\/","title":{"rendered":"Angebote f\u00fcr SeniorInnen"},"content":{"rendered":"<section class=\"l-section wpb_row height_medium\"><div class=\"l-section-h i-cf\"><div class=\"g-cols vc_row via_flex valign_top type_default stacking_default\"><div class=\"vc_col-sm-12 wpb_column vc_column_container\"><div class=\"vc_column-inner\"><div class=\"wpb_wrapper\"><div class=\"wpb_text_column\"><div class=\"wpb_wrapper\"><h2 style=\"text-align: center;\">Angebote f\u00fcr SeniorInnen<\/h2>\n<p>&nbsp;<\/p>\n<\/div><\/div><div class=\"w-separator size_medium\"><\/div><div class=\"w-grid us_grid type_masonry layout_27 cols_3 preload_style_spinner with_isotope with_css_animation\" id=\"us_grid_1\" style=\"--columns:3;--gap:1.5rem;\" data-filterable=\"true\"><style>@media (max-width:1024px){#us_grid_1{--columns:2!important}}@media (max-width:600px){#us_grid_1{--columns:1!important}}.layout_27 .w-grid-item-h{}.layout_27 .usg_post_image_1{margin-bottom:0.5rem!important}.layout_27 .usg_post_title_1{font-size:1rem!important}<\/style><div class=\"w-grid-list\">\t<article class=\"w-grid-item us_animate_fade off_autostart size_1x1 post-474 us_portfolio type-us_portfolio status-publish has-post-thumbnail hentry us_portfolio_category-angebote-fuer-seniorinnen\" data-id=\"474\" style=\"animation-delay:0s\">\r\n\t\t<div class=\"w-grid-item-h\">\r\n\t\t\t\t\t\t<div class=\"w-post-elm post_image usg_post_image_1 stretched\"><a href=\"https:\/\/www.nachbarschaft-stiften.de\/index.php\/portfolio\/mittwochs-miteinander\/\" aria-label=\"Mittwochs miteinander\"><img loading=\"lazy\" decoding=\"async\" width=\"1190\" height=\"1683\" src=\"https:\/\/www.nachbarschaft-stiften.de\/wp-content\/uploads\/2025\/07\/9-Mittwochs-Miteinander.jpg\" class=\"attachment-full size-full wp-post-image\" alt=\"\" srcset=\"https:\/\/www.nachbarschaft-stiften.de\/wp-content\/uploads\/2025\/07\/9-Mittwochs-Miteinander.jpg 1190w, https:\/\/www.nachbarschaft-stiften.de\/wp-content\/uploads\/2025\/07\/9-Mittwochs-Miteinander-212x300.jpg 212w, https:\/\/www.nachbarschaft-stiften.de\/wp-content\/uploads\/2025\/07\/9-Mittwochs-Miteinander-724x1024.jpg 724w\" sizes=\"auto, (max-width: 1190px) 100vw, 1190px\" \/><\/a><\/div><h2 class=\"w-post-elm post_title usg_post_title_1 entry-title color_link_inherit\"><a href=\"https:\/\/www.nachbarschaft-stiften.de\/index.php\/portfolio\/mittwochs-miteinander\/\">Mittwochs miteinander<\/a><\/h2>\t\t<\/div>\r\n\t\t\t<\/article>\r\n\t<article class=\"w-grid-item us_animate_fade off_autostart size_1x1 post-128 us_portfolio type-us_portfolio status-publish has-post-thumbnail hentry us_portfolio_category-angebote-fuer-seniorinnen\" data-id=\"128\" style=\"animation-delay:0.1s\">\r\n\t\t<div class=\"w-grid-item-h\">\r\n\t\t\t\t\t\t<div class=\"w-post-elm post_image usg_post_image_1 stretched\"><a href=\"https:\/\/www.nachbarschaft-stiften.de\/index.php\/portfolio\/koordinatorin-fuer-die-nachbarschaft-birgit-kessel\/\" aria-label=\"Koordinatorin f\u00fcr die Nachbarschaft: Birgit Ke\u00dfel\"><img loading=\"lazy\" decoding=\"async\" width=\"1600\" height=\"956\" src=\"https:\/\/www.nachbarschaft-stiften.de\/wp-content\/uploads\/2025\/03\/250305_BirgitKessel-Foto_cAndreasVollmert-bearb-web.jpg\" class=\"attachment-full size-full wp-post-image\" alt=\"\" srcset=\"https:\/\/www.nachbarschaft-stiften.de\/wp-content\/uploads\/2025\/03\/250305_BirgitKessel-Foto_cAndreasVollmert-bearb-web.jpg 1600w, https:\/\/www.nachbarschaft-stiften.de\/wp-content\/uploads\/2025\/03\/250305_BirgitKessel-Foto_cAndreasVollmert-bearb-web-300x179.jpg 300w, https:\/\/www.nachbarschaft-stiften.de\/wp-content\/uploads\/2025\/03\/250305_BirgitKessel-Foto_cAndreasVollmert-bearb-web-1024x612.jpg 1024w\" sizes=\"auto, (max-width: 1600px) 100vw, 1600px\" \/><\/a><\/div><h2 class=\"w-post-elm post_title usg_post_title_1 entry-title color_link_inherit\"><a href=\"https:\/\/www.nachbarschaft-stiften.de\/index.php\/portfolio\/koordinatorin-fuer-die-nachbarschaft-birgit-kessel\/\">Koordinatorin f\u00fcr die Nachbarschaft: Birgit Ke\u00dfel<\/a><\/h2>\t\t<\/div>\r\n\t\t\t<\/article>\r\n\t<article class=\"w-grid-item us_animate_fade off_autostart size_1x1 post-399 us_portfolio type-us_portfolio status-publish has-post-thumbnail hentry us_portfolio_category-akteure-und-freunde us_portfolio_category-angebote-fuer-seniorinnen us_portfolio_category-team-hausbesuche\" data-id=\"399\" style=\"animation-delay:0.2s\">\r\n\t\t<div class=\"w-grid-item-h\">\r\n\t\t\t\t\t\t<div class=\"w-post-elm post_image usg_post_image_1 stretched\"><a href=\"https:\/\/www.nachbarschaft-stiften.de\/index.php\/portfolio\/ehrenamtsmesse-2025-in-duesseldorf-samstag-14-juni\/\" aria-label=\"Ehrenamtsmesse 2025 in D\u00fcsseldorf\/ Samstag, 14. Juni\"><img loading=\"lazy\" decoding=\"async\" width=\"1800\" height=\"1350\" src=\"https:\/\/www.nachbarschaft-stiften.de\/wp-content\/uploads\/2025\/06\/250614_EhrenamtsMesse-19-bearb-web.jpg\" class=\"attachment-full size-full wp-post-image\" alt=\"\" srcset=\"https:\/\/www.nachbarschaft-stiften.de\/wp-content\/uploads\/2025\/06\/250614_EhrenamtsMesse-19-bearb-web.jpg 1800w, https:\/\/www.nachbarschaft-stiften.de\/wp-content\/uploads\/2025\/06\/250614_EhrenamtsMesse-19-bearb-web-300x225.jpg 300w, https:\/\/www.nachbarschaft-stiften.de\/wp-content\/uploads\/2025\/06\/250614_EhrenamtsMesse-19-bearb-web-1024x768.jpg 1024w\" sizes=\"auto, (max-width: 1800px) 100vw, 1800px\" \/><\/a><\/div><h2 class=\"w-post-elm post_title usg_post_title_1 entry-title color_link_inherit\"><a href=\"https:\/\/www.nachbarschaft-stiften.de\/index.php\/portfolio\/ehrenamtsmesse-2025-in-duesseldorf-samstag-14-juni\/\">Ehrenamtsmesse 2025 in D\u00fcsseldorf\/ Samstag, 14. Juni<\/a><\/h2>\t\t<\/div>\r\n\t\t\t<\/article>\r\n\t<article class=\"w-grid-item us_animate_fade off_autostart size_1x1 post-284 us_portfolio type-us_portfolio status-publish has-post-thumbnail hentry us_portfolio_category-angebote-fuer-seniorinnen\" data-id=\"284\" style=\"animation-delay:0.3s\">\r\n\t\t<div class=\"w-grid-item-h\">\r\n\t\t\t\t\t\t<div class=\"w-post-elm post_image usg_post_image_1 stretched\"><a href=\"https:\/\/www.nachbarschaft-stiften.de\/index.php\/portfolio\/das-gesundheitswandern\/\" aria-label=\"Das Gesundheitswandern\"><img loading=\"lazy\" decoding=\"async\" width=\"1190\" height=\"1683\" src=\"https:\/\/www.nachbarschaft-stiften.de\/wp-content\/uploads\/2025\/04\/8-Das-Gesundheitswandern.jpg\" class=\"attachment-full size-full wp-post-image\" alt=\"\" srcset=\"https:\/\/www.nachbarschaft-stiften.de\/wp-content\/uploads\/2025\/04\/8-Das-Gesundheitswandern.jpg 1190w, https:\/\/www.nachbarschaft-stiften.de\/wp-content\/uploads\/2025\/04\/8-Das-Gesundheitswandern-212x300.jpg 212w, https:\/\/www.nachbarschaft-stiften.de\/wp-content\/uploads\/2025\/04\/8-Das-Gesundheitswandern-724x1024.jpg 724w\" sizes=\"auto, (max-width: 1190px) 100vw, 1190px\" \/><\/a><\/div><h2 class=\"w-post-elm post_title usg_post_title_1 entry-title color_link_inherit\"><a href=\"https:\/\/www.nachbarschaft-stiften.de\/index.php\/portfolio\/das-gesundheitswandern\/\">Das Gesundheitswandern<\/a><\/h2>\t\t<\/div>\r\n\t\t\t<\/article>\r\n\t<article class=\"w-grid-item us_animate_fade off_autostart size_1x1 post-253 us_portfolio type-us_portfolio status-publish has-post-thumbnail hentry us_portfolio_category-angebote-fuer-seniorinnen\" data-id=\"253\" style=\"animation-delay:0.4s\">\r\n\t\t<div class=\"w-grid-item-h\">\r\n\t\t\t\t\t\t<div class=\"w-post-elm post_image usg_post_image_1 stretched\"><a href=\"https:\/\/www.nachbarschaft-stiften.de\/index.php\/portfolio\/kochkurs-fuer-frauen\/\" aria-label=\"Kochkurs f\u00fcr Frauen\"><img loading=\"lazy\" decoding=\"async\" width=\"1190\" height=\"1683\" src=\"https:\/\/www.nachbarschaft-stiften.de\/wp-content\/uploads\/2025\/04\/250410_Flyer-FrauenKochen.jpg\" class=\"attachment-full size-full wp-post-image\" alt=\"\" srcset=\"https:\/\/www.nachbarschaft-stiften.de\/wp-content\/uploads\/2025\/04\/250410_Flyer-FrauenKochen.jpg 1190w, https:\/\/www.nachbarschaft-stiften.de\/wp-content\/uploads\/2025\/04\/250410_Flyer-FrauenKochen-212x300.jpg 212w, https:\/\/www.nachbarschaft-stiften.de\/wp-content\/uploads\/2025\/04\/250410_Flyer-FrauenKochen-724x1024.jpg 724w\" sizes=\"auto, (max-width: 1190px) 100vw, 1190px\" \/><\/a><\/div><h2 class=\"w-post-elm post_title usg_post_title_1 entry-title color_link_inherit\"><a href=\"https:\/\/www.nachbarschaft-stiften.de\/index.php\/portfolio\/kochkurs-fuer-frauen\/\">Kochkurs f\u00fcr Frauen<\/a><\/h2>\t\t<\/div>\r\n\t\t\t<\/article>\r\n\t<article class=\"w-grid-item us_animate_fade off_autostart size_1x1 post-208 us_portfolio type-us_portfolio status-publish has-post-thumbnail hentry us_portfolio_category-angebote-fuer-seniorinnen\" data-id=\"208\" style=\"animation-delay:0.5s\">\r\n\t\t<div class=\"w-grid-item-h\">\r\n\t\t\t\t\t\t<div class=\"w-post-elm post_image usg_post_image_1 stretched\"><a href=\"https:\/\/www.nachbarschaft-stiften.de\/index.php\/portfolio\/romme-club\/\" aria-label=\"Romm\u00e9-Runde\"><img loading=\"lazy\" decoding=\"async\" width=\"1190\" height=\"1683\" src=\"https:\/\/www.nachbarschaft-stiften.de\/wp-content\/uploads\/2025\/04\/6-Rommee.jpg\" class=\"attachment-full size-full wp-post-image\" alt=\"\" srcset=\"https:\/\/www.nachbarschaft-stiften.de\/wp-content\/uploads\/2025\/04\/6-Rommee.jpg 1190w, https:\/\/www.nachbarschaft-stiften.de\/wp-content\/uploads\/2025\/04\/6-Rommee-212x300.jpg 212w, https:\/\/www.nachbarschaft-stiften.de\/wp-content\/uploads\/2025\/04\/6-Rommee-724x1024.jpg 724w\" sizes=\"auto, (max-width: 1190px) 100vw, 1190px\" \/><\/a><\/div><h2 class=\"w-post-elm post_title usg_post_title_1 entry-title color_link_inherit\"><a href=\"https:\/\/www.nachbarschaft-stiften.de\/index.php\/portfolio\/romme-club\/\">Romm\u00e9-Runde<\/a><\/h2>\t\t<\/div>\r\n\t\t\t<\/article>\r\n\t<article class=\"w-grid-item us_animate_fade off_autostart size_1x1 post-205 us_portfolio type-us_portfolio status-publish has-post-thumbnail hentry us_portfolio_category-angebote-fuer-seniorinnen\" data-id=\"205\" style=\"animation-delay:0s\">\r\n\t\t<div class=\"w-grid-item-h\">\r\n\t\t\t\t\t\t<div class=\"w-post-elm post_image usg_post_image_1 stretched\"><a href=\"https:\/\/www.nachbarschaft-stiften.de\/index.php\/portfolio\/malwerkstatt\/\" aria-label=\"Malwerkstatt\"><img loading=\"lazy\" decoding=\"async\" width=\"1190\" height=\"1683\" src=\"https:\/\/www.nachbarschaft-stiften.de\/wp-content\/uploads\/2025\/04\/250416_2-Die-Malwerkstatt.jpg\" class=\"attachment-full size-full wp-post-image\" alt=\"\" srcset=\"https:\/\/www.nachbarschaft-stiften.de\/wp-content\/uploads\/2025\/04\/250416_2-Die-Malwerkstatt.jpg 1190w, https:\/\/www.nachbarschaft-stiften.de\/wp-content\/uploads\/2025\/04\/250416_2-Die-Malwerkstatt-212x300.jpg 212w, https:\/\/www.nachbarschaft-stiften.de\/wp-content\/uploads\/2025\/04\/250416_2-Die-Malwerkstatt-724x1024.jpg 724w\" sizes=\"auto, (max-width: 1190px) 100vw, 1190px\" \/><\/a><\/div><h2 class=\"w-post-elm post_title usg_post_title_1 entry-title color_link_inherit\"><a href=\"https:\/\/www.nachbarschaft-stiften.de\/index.php\/portfolio\/malwerkstatt\/\">Malwerkstatt<\/a><\/h2>\t\t<\/div>\r\n\t\t\t<\/article>\r\n\t<article class=\"w-grid-item us_animate_fade off_autostart size_1x1 post-202 us_portfolio type-us_portfolio status-publish has-post-thumbnail hentry us_portfolio_category-angebote-fuer-seniorinnen\" data-id=\"202\" style=\"animation-delay:0.1s\">\r\n\t\t<div class=\"w-grid-item-h\">\r\n\t\t\t\t\t\t<div class=\"w-post-elm post_image usg_post_image_1 stretched\"><a href=\"https:\/\/www.nachbarschaft-stiften.de\/index.php\/portfolio\/maenner-am-herd\/\" aria-label=\"Anf\u00e4nger-Kochen f\u00fcr M\u00e4nner\"><img loading=\"lazy\" decoding=\"async\" width=\"1190\" height=\"1683\" src=\"https:\/\/www.nachbarschaft-stiften.de\/wp-content\/uploads\/2025\/04\/1-Anfaenger-Kochen-fuer-Maenner-1-1.jpg\" class=\"attachment-full size-full wp-post-image\" alt=\"\" srcset=\"https:\/\/www.nachbarschaft-stiften.de\/wp-content\/uploads\/2025\/04\/1-Anfaenger-Kochen-fuer-Maenner-1-1.jpg 1190w, https:\/\/www.nachbarschaft-stiften.de\/wp-content\/uploads\/2025\/04\/1-Anfaenger-Kochen-fuer-Maenner-1-1-212x300.jpg 212w, https:\/\/www.nachbarschaft-stiften.de\/wp-content\/uploads\/2025\/04\/1-Anfaenger-Kochen-fuer-Maenner-1-1-724x1024.jpg 724w\" sizes=\"auto, (max-width: 1190px) 100vw, 1190px\" \/><\/a><\/div><h2 class=\"w-post-elm post_title usg_post_title_1 entry-title color_link_inherit\"><a href=\"https:\/\/www.nachbarschaft-stiften.de\/index.php\/portfolio\/maenner-am-herd\/\">Anf\u00e4nger-Kochen f\u00fcr M\u00e4nner<\/a><\/h2>\t\t<\/div>\r\n\t\t\t<\/article>\r\n\t<article class=\"w-grid-item us_animate_fade off_autostart size_1x1 post-142 us_portfolio type-us_portfolio status-publish has-post-thumbnail hentry us_portfolio_category-angebote-fuer-seniorinnen\" data-id=\"142\" style=\"animation-delay:0.2s\">\r\n\t\t<div class=\"w-grid-item-h\">\r\n\t\t\t\t\t\t<div class=\"w-post-elm post_image usg_post_image_1 stretched\"><a href=\"https:\/\/www.nachbarschaft-stiften.de\/index.php\/portfolio\/digital-cafes\/\" aria-label=\"Digital-Caf\u00e9s\"><img loading=\"lazy\" decoding=\"async\" width=\"1190\" height=\"1683\" src=\"https:\/\/www.nachbarschaft-stiften.de\/wp-content\/uploads\/2025\/03\/3-Digital-Cafes.jpg\" class=\"attachment-full size-full wp-post-image\" alt=\"\" srcset=\"https:\/\/www.nachbarschaft-stiften.de\/wp-content\/uploads\/2025\/03\/3-Digital-Cafes.jpg 1190w, https:\/\/www.nachbarschaft-stiften.de\/wp-content\/uploads\/2025\/03\/3-Digital-Cafes-212x300.jpg 212w, https:\/\/www.nachbarschaft-stiften.de\/wp-content\/uploads\/2025\/03\/3-Digital-Cafes-724x1024.jpg 724w\" sizes=\"auto, (max-width: 1190px) 100vw, 1190px\" \/><\/a><\/div><h2 class=\"w-post-elm post_title usg_post_title_1 entry-title color_link_inherit\"><a href=\"https:\/\/www.nachbarschaft-stiften.de\/index.php\/portfolio\/digital-cafes\/\">Digital-Caf\u00e9s<\/a><\/h2>\t\t<\/div>\r\n\t\t\t<\/article>\r\n\t<article class=\"w-grid-item us_animate_fade off_autostart size_1x1 post-139 us_portfolio type-us_portfolio status-publish has-post-thumbnail hentry us_portfolio_category-angebote-fuer-seniorinnen\" data-id=\"139\" style=\"animation-delay:0.3s\">\r\n\t\t<div class=\"w-grid-item-h\">\r\n\t\t\t\t\t\t<div class=\"w-post-elm post_image usg_post_image_1 stretched\"><a href=\"https:\/\/www.nachbarschaft-stiften.de\/index.php\/portfolio\/yoga-auf-dem-stuhl\/\" aria-label=\"Yoga auf dem Stuhl\"><img loading=\"lazy\" decoding=\"async\" width=\"1190\" height=\"1683\" src=\"https:\/\/www.nachbarschaft-stiften.de\/wp-content\/uploads\/2025\/03\/4-Yoga-auf-dem-Stuhl.jpg\" class=\"attachment-full size-full wp-post-image\" alt=\"\" srcset=\"https:\/\/www.nachbarschaft-stiften.de\/wp-content\/uploads\/2025\/03\/4-Yoga-auf-dem-Stuhl.jpg 1190w, https:\/\/www.nachbarschaft-stiften.de\/wp-content\/uploads\/2025\/03\/4-Yoga-auf-dem-Stuhl-212x300.jpg 212w, https:\/\/www.nachbarschaft-stiften.de\/wp-content\/uploads\/2025\/03\/4-Yoga-auf-dem-Stuhl-724x1024.jpg 724w\" sizes=\"auto, (max-width: 1190px) 100vw, 1190px\" \/><\/a><\/div><h2 class=\"w-post-elm post_title usg_post_title_1 entry-title color_link_inherit\"><a href=\"https:\/\/www.nachbarschaft-stiften.de\/index.php\/portfolio\/yoga-auf-dem-stuhl\/\">Yoga auf dem Stuhl<\/a><\/h2>\t\t<\/div>\r\n\t\t\t<\/article>\r\n<\/div>\t<div class=\"w-grid-preloader\">\r\n\t\t<div class=\"g-preloader type_1\">\r\n\t\t\t<div><\/div>\r\n\t\t<\/div>\r\n\t<\/div>\r\n\t\t<div class=\"w-grid-json hidden\" onclick='return {&quot;action&quot;:&quot;us_ajax_grid&quot;,&quot;infinite_scroll&quot;:0,&quot;max_num_pages&quot;:1,&quot;pagination&quot;:&quot;none&quot;,&quot;template_vars&quot;:{&quot;columns&quot;:&quot;3&quot;,&quot;exclude_items&quot;:&quot;none&quot;,&quot;img_size&quot;:&quot;full&quot;,&quot;ignore_items_size&quot;:0,&quot;items_layout&quot;:&quot;27&quot;,&quot;items_offset&quot;:&quot;1&quot;,&quot;load_animation&quot;:&quot;fade&quot;,&quot;overriding_link&quot;:&quot;%7B%22url%22%3A%22%22%7D&quot;,&quot;post_id&quot;:0,&quot;query_args&quot;:{&quot;post_type&quot;:[&quot;us_portfolio&quot;],&quot;tax_query&quot;:[{&quot;taxonomy&quot;:&quot;us_portfolio_category&quot;,&quot;field&quot;:&quot;slug&quot;,&quot;terms&quot;:[&quot;angebote-fuer-seniorinnen&quot;]}],&quot;post_status&quot;:[&quot;publish&quot;],&quot;posts_per_page&quot;:&quot;25&quot;},&quot;orderby_query_args&quot;:{&quot;orderby&quot;:{&quot;date&quot;:&quot;DESC&quot;}},&quot;type&quot;:&quot;masonry&quot;,&quot;us_grid_post_type&quot;:&quot;us_portfolio&quot;,&quot;us_grid_ajax_index&quot;:1,&quot;us_grid_filter_query_string&quot;:null,&quot;us_grid_index&quot;:1,&quot;page_args&quot;:[]}}'><\/div>\r\n\t<\/div><\/div><\/div><\/div><\/div><\/div><\/section>\n","protected":false},"excerpt":{"rendered":"Das Wohlbefinden steigern, k\u00f6rperlich und geistig beweglich bleiben, zu Ruhe und Gelassenheit finden. Hand aufs Herz: Wann haben Sie zuletzt bewusst etwas f\u00fcr sich selbst getan? Im Alltag kommt das in der Regel viel zu kurz. Yoga auf dem Stuhl erm\u00f6glicht es, den Schalter einfach mal umzulegen und sich ganz auf das Hier und Jetzt...","protected":false},"author":2,"featured_media":0,"parent":0,"menu_order":0,"comment_status":"closed","ping_status":"closed","template":"","meta":{"footnotes":""},"class_list":["post-169","page","type-page","status-publish","hentry"],"_links":{"self":[{"href":"https:\/\/www.nachbarschaft-stiften.de\/index.php\/wp-json\/wp\/v2\/pages\/169","targetHints":{"allow":["GET"]}}],"collection":[{"href":"https:\/\/www.nachbarschaft-stiften.de\/index.php\/wp-json\/wp\/v2\/pages"}],"about":[{"href":"https:\/\/www.nachbarschaft-stiften.de\/index.php\/wp-json\/wp\/v2\/types\/page"}],"author":[{"embeddable":true,"href":"https:\/\/www.nachbarschaft-stiften.de\/index.php\/wp-json\/wp\/v2\/users\/2"}],"replies":[{"embeddable":true,"href":"https:\/\/www.nachbarschaft-stiften.de\/index.php\/wp-json\/wp\/v2\/comments?post=169"}],"version-history":[{"count":3,"href":"https:\/\/www.nachbarschaft-stiften.de\/index.php\/wp-json\/wp\/v2\/pages\/169\/revisions"}],"predecessor-version":[{"id":303,"href":"https:\/\/www.nachbarschaft-stiften.de\/index.php\/wp-json\/wp\/v2\/pages\/169\/revisions\/303"}],"wp:attachment":[{"href":"https:\/\/www.nachbarschaft-stiften.de\/index.php\/wp-json\/wp\/v2\/media?parent=169"}],"curies":[{"name":"wp","href":"https:\/\/api.w.org\/{rel}","templated":true}]}}