{"id":322,"date":"2025-04-29T08:34:26","date_gmt":"2025-04-29T08:34:26","guid":{"rendered":"https:\/\/www.nachbarschaft-stiften.de\/?page_id=322"},"modified":"2025-04-29T08:34:26","modified_gmt":"2025-04-29T08:34:26","slug":"akteure-und-freunde","status":"publish","type":"page","link":"https:\/\/www.nachbarschaft-stiften.de\/index.php\/akteure-und-freunde\/","title":{"rendered":"Akteure und Freunde"},"content":{"rendered":"<section class=\"l-section wpb_row height_medium\"><div class=\"l-section-h i-cf\"><div class=\"g-cols vc_row via_flex valign_top type_default stacking_default\"><div class=\"vc_col-sm-12 wpb_column vc_column_container\"><div class=\"vc_column-inner\"><div class=\"wpb_wrapper\"><div class=\"wpb_text_column\"><div class=\"wpb_wrapper\"><h2 style=\"text-align: center;\">Akteure und Freunde<\/h2>\n<\/div><\/div><div class=\"w-separator size_medium\"><\/div><div class=\"w-grid us_grid type_masonry layout_27 cols_3 preload_style_spinner with_isotope with_css_animation\" id=\"us_grid_1\" style=\"--columns:3;--gap:1.5rem;\" data-filterable=\"true\"><style>@media (max-width:1024px){#us_grid_1{--columns:2!important}}@media (max-width:600px){#us_grid_1{--columns:1!important}}.layout_27 .w-grid-item-h{}.layout_27 .usg_post_image_1{margin-bottom:0.5rem!important}.layout_27 .usg_post_title_1{font-size:1rem!important}<\/style><div class=\"w-grid-list\">\t<article class=\"w-grid-item us_animate_fade off_autostart size_1x1 post-703 us_portfolio type-us_portfolio status-publish has-post-thumbnail hentry us_portfolio_category-akteure-und-freunde us_portfolio_category-termine\" data-id=\"703\" style=\"animation-delay:0s\">\r\n\t\t<div class=\"w-grid-item-h\">\r\n\t\t\t\t\t\t<div class=\"w-post-elm post_image usg_post_image_1 stretched\"><a href=\"https:\/\/www.nachbarschaft-stiften.de\/index.php\/portfolio\/einladung-2-april-speeddating\/\" aria-label=\"Einladung ***2. April | Speeddating***\"><img loading=\"lazy\" decoding=\"async\" width=\"1497\" height=\"2117\" src=\"https:\/\/www.nachbarschaft-stiften.de\/wp-content\/uploads\/2026\/04\/260402_SpeedDating-ZentrumPlus-pdf.jpg\" class=\"attachment-full size-full wp-post-image\" alt=\"\" \/><\/a><\/div><h2 class=\"w-post-elm post_title usg_post_title_1 entry-title color_link_inherit\"><a href=\"https:\/\/www.nachbarschaft-stiften.de\/index.php\/portfolio\/einladung-2-april-speeddating\/\">Einladung ***2. April | Speeddating***<\/a><\/h2>\t\t<\/div>\r\n\t\t\t<\/article>\r\n\t<article class=\"w-grid-item us_animate_fade off_autostart size_1x1 post-459 us_portfolio type-us_portfolio status-publish has-post-thumbnail hentry us_portfolio_category-akteure-und-freunde\" data-id=\"459\" style=\"animation-delay:0.1s\">\r\n\t\t<div class=\"w-grid-item-h\">\r\n\t\t\t\t\t\t<div class=\"w-post-elm post_image usg_post_image_1 stretched\"><a href=\"https:\/\/www.nachbarschaft-stiften.de\/index.php\/portfolio\/duesseldorfer-netzwerk-gegen-einsamkeit\/\" aria-label=\"D\u00fcsseldorfer Netzwerk gegen Einsamkeit\"><img loading=\"lazy\" decoding=\"async\" width=\"1800\" height=\"1269\" src=\"https:\/\/www.nachbarschaft-stiften.de\/wp-content\/uploads\/2025\/05\/250519_Netz-web.jpg\" class=\"attachment-full size-full wp-post-image\" alt=\"\" srcset=\"https:\/\/www.nachbarschaft-stiften.de\/wp-content\/uploads\/2025\/05\/250519_Netz-web.jpg 1800w, https:\/\/www.nachbarschaft-stiften.de\/wp-content\/uploads\/2025\/05\/250519_Netz-web-300x212.jpg 300w, https:\/\/www.nachbarschaft-stiften.de\/wp-content\/uploads\/2025\/05\/250519_Netz-web-1024x722.jpg 1024w\" sizes=\"auto, (max-width: 1800px) 100vw, 1800px\" \/><\/a><\/div><h2 class=\"w-post-elm post_title usg_post_title_1 entry-title color_link_inherit\"><a href=\"https:\/\/www.nachbarschaft-stiften.de\/index.php\/portfolio\/duesseldorfer-netzwerk-gegen-einsamkeit\/\">D\u00fcsseldorfer Netzwerk gegen Einsamkeit<\/a><\/h2>\t\t<\/div>\r\n\t\t\t<\/article>\r\n\t<article class=\"w-grid-item us_animate_fade off_autostart size_1x1 post-454 us_portfolio type-us_portfolio status-publish has-post-thumbnail hentry us_portfolio_category-akteure-und-freunde\" data-id=\"454\" style=\"animation-delay:0.2s\">\r\n\t\t<div class=\"w-grid-item-h\">\r\n\t\t\t\t\t\t<div class=\"w-post-elm post_image usg_post_image_1 stretched\"><a href=\"https:\/\/www.nachbarschaft-stiften.de\/index.php\/portfolio\/stadt-duesseldorf-zusammen-weniger-allein\/\" aria-label=\"Stadt D\u00fcsseldorf: &#8218;Zusammen weniger allein&#8216;\"><img loading=\"lazy\" decoding=\"async\" width=\"800\" height=\"604\" src=\"https:\/\/www.nachbarschaft-stiften.de\/wp-content\/uploads\/2025\/05\/250519_ideogram_a-minimalist-black-and-white_bearb-gruen.jpg\" class=\"attachment-full size-full wp-post-image\" alt=\"\" srcset=\"https:\/\/www.nachbarschaft-stiften.de\/wp-content\/uploads\/2025\/05\/250519_ideogram_a-minimalist-black-and-white_bearb-gruen.jpg 800w, https:\/\/www.nachbarschaft-stiften.de\/wp-content\/uploads\/2025\/05\/250519_ideogram_a-minimalist-black-and-white_bearb-gruen-300x227.jpg 300w\" sizes=\"auto, (max-width: 800px) 100vw, 800px\" \/><\/a><\/div><h2 class=\"w-post-elm post_title usg_post_title_1 entry-title color_link_inherit\"><a href=\"https:\/\/www.nachbarschaft-stiften.de\/index.php\/portfolio\/stadt-duesseldorf-zusammen-weniger-allein\/\">Stadt D\u00fcsseldorf: &#8218;Zusammen weniger allein&#8216;<\/a><\/h2>\t\t<\/div>\r\n\t\t\t<\/article>\r\n\t<article class=\"w-grid-item us_animate_fade off_autostart size_1x1 post-399 us_portfolio type-us_portfolio status-publish has-post-thumbnail hentry us_portfolio_category-akteure-und-freunde us_portfolio_category-angebote-fuer-seniorinnen us_portfolio_category-team-hausbesuche\" data-id=\"399\" style=\"animation-delay:0.3s\">\r\n\t\t<div class=\"w-grid-item-h\">\r\n\t\t\t\t\t\t<div class=\"w-post-elm post_image usg_post_image_1 stretched\"><a href=\"https:\/\/www.nachbarschaft-stiften.de\/index.php\/portfolio\/ehrenamtsmesse-2025-in-duesseldorf-samstag-14-juni\/\" aria-label=\"Ehrenamtsmesse 2025 in D\u00fcsseldorf\/ Samstag, 14. Juni\"><img loading=\"lazy\" decoding=\"async\" width=\"1800\" height=\"1350\" src=\"https:\/\/www.nachbarschaft-stiften.de\/wp-content\/uploads\/2025\/06\/250614_EhrenamtsMesse-19-bearb-web.jpg\" class=\"attachment-full size-full wp-post-image\" alt=\"\" srcset=\"https:\/\/www.nachbarschaft-stiften.de\/wp-content\/uploads\/2025\/06\/250614_EhrenamtsMesse-19-bearb-web.jpg 1800w, https:\/\/www.nachbarschaft-stiften.de\/wp-content\/uploads\/2025\/06\/250614_EhrenamtsMesse-19-bearb-web-300x225.jpg 300w, https:\/\/www.nachbarschaft-stiften.de\/wp-content\/uploads\/2025\/06\/250614_EhrenamtsMesse-19-bearb-web-1024x768.jpg 1024w\" sizes=\"auto, (max-width: 1800px) 100vw, 1800px\" \/><\/a><\/div><h2 class=\"w-post-elm post_title usg_post_title_1 entry-title color_link_inherit\"><a href=\"https:\/\/www.nachbarschaft-stiften.de\/index.php\/portfolio\/ehrenamtsmesse-2025-in-duesseldorf-samstag-14-juni\/\">Ehrenamtsmesse 2025 in D\u00fcsseldorf\/ Samstag, 14. Juni<\/a><\/h2>\t\t<\/div>\r\n\t\t\t<\/article>\r\n\t<article class=\"w-grid-item us_animate_fade off_autostart size_1x1 post-407 us_portfolio type-us_portfolio status-publish has-post-thumbnail hentry us_portfolio_category-akteure-und-freunde us_portfolio_category-team-hausbesuche\" data-id=\"407\" style=\"animation-delay:0.4s\">\r\n\t\t<div class=\"w-grid-item-h\">\r\n\t\t\t\t\t\t<div class=\"w-post-elm post_image usg_post_image_1 stretched\"><a href=\"https:\/\/www.nachbarschaft-stiften.de\/index.php\/portfolio\/geburtstagsbesuche\/\" aria-label=\"Geburtstagsbesuche\"><img loading=\"lazy\" decoding=\"async\" width=\"1600\" height=\"1115\" src=\"https:\/\/www.nachbarschaft-stiften.de\/wp-content\/uploads\/2025\/06\/250527_Grusskarte-web1600.jpg\" class=\"attachment-full size-full wp-post-image\" alt=\"\" srcset=\"https:\/\/www.nachbarschaft-stiften.de\/wp-content\/uploads\/2025\/06\/250527_Grusskarte-web1600.jpg 1600w, https:\/\/www.nachbarschaft-stiften.de\/wp-content\/uploads\/2025\/06\/250527_Grusskarte-web1600-300x209.jpg 300w, https:\/\/www.nachbarschaft-stiften.de\/wp-content\/uploads\/2025\/06\/250527_Grusskarte-web1600-1024x714.jpg 1024w\" sizes=\"auto, (max-width: 1600px) 100vw, 1600px\" \/><\/a><\/div><h2 class=\"w-post-elm post_title usg_post_title_1 entry-title color_link_inherit\"><a href=\"https:\/\/www.nachbarschaft-stiften.de\/index.php\/portfolio\/geburtstagsbesuche\/\">Geburtstagsbesuche<\/a><\/h2>\t\t<\/div>\r\n\t\t\t<\/article>\r\n\t<article class=\"w-grid-item us_animate_fade off_autostart size_1x1 post-359 us_portfolio type-us_portfolio status-publish has-post-thumbnail hentry us_portfolio_category-akteure-und-freunde\" data-id=\"359\" style=\"animation-delay:0.5s\">\r\n\t\t<div class=\"w-grid-item-h\">\r\n\t\t\t\t\t\t<div class=\"w-post-elm post_image usg_post_image_1 stretched\"><a href=\"https:\/\/www.nachbarschaft-stiften.de\/index.php\/portfolio\/externe-beitraege-aus-unserem-netzwerk\/\" aria-label=\"Netzwerken: externe Beitr\u00e4ge\"><img loading=\"lazy\" decoding=\"async\" width=\"1800\" height=\"1269\" src=\"https:\/\/www.nachbarschaft-stiften.de\/wp-content\/uploads\/2025\/05\/250519_Netz-web.jpg\" class=\"attachment-full size-full wp-post-image\" alt=\"\" srcset=\"https:\/\/www.nachbarschaft-stiften.de\/wp-content\/uploads\/2025\/05\/250519_Netz-web.jpg 1800w, https:\/\/www.nachbarschaft-stiften.de\/wp-content\/uploads\/2025\/05\/250519_Netz-web-300x212.jpg 300w, https:\/\/www.nachbarschaft-stiften.de\/wp-content\/uploads\/2025\/05\/250519_Netz-web-1024x722.jpg 1024w\" sizes=\"auto, (max-width: 1800px) 100vw, 1800px\" \/><\/a><\/div><h2 class=\"w-post-elm post_title usg_post_title_1 entry-title color_link_inherit\"><a href=\"https:\/\/www.nachbarschaft-stiften.de\/index.php\/portfolio\/externe-beitraege-aus-unserem-netzwerk\/\">Netzwerken: externe Beitr\u00e4ge<\/a><\/h2>\t\t<\/div>\r\n\t\t\t<\/article>\r\n\t<article class=\"w-grid-item us_animate_fade off_autostart size_1x1 post-390 us_portfolio type-us_portfolio status-publish has-post-thumbnail hentry us_portfolio_category-akteure-und-freunde us_portfolio_category-termine\" data-id=\"390\" style=\"animation-delay:0s\">\r\n\t\t<div class=\"w-grid-item-h\">\r\n\t\t\t\t\t\t<div class=\"w-post-elm post_image usg_post_image_1 stretched\"><a href=\"https:\/\/www.nachbarschaft-stiften.de\/index.php\/portfolio\/kloencafe\/\" aria-label=\"Kl\u00f6ncaf\u00e9\"><img loading=\"lazy\" decoding=\"async\" width=\"1239\" height=\"1749\" src=\"https:\/\/www.nachbarschaft-stiften.de\/wp-content\/uploads\/2025\/05\/251031_Scan-EinladgsKarte-KloenCafe-1-bearb-red.jpg\" class=\"attachment-full size-full wp-post-image\" alt=\"\" srcset=\"https:\/\/www.nachbarschaft-stiften.de\/wp-content\/uploads\/2025\/05\/251031_Scan-EinladgsKarte-KloenCafe-1-bearb-red.jpg 1239w, https:\/\/www.nachbarschaft-stiften.de\/wp-content\/uploads\/2025\/05\/251031_Scan-EinladgsKarte-KloenCafe-1-bearb-red-213x300.jpg 213w, https:\/\/www.nachbarschaft-stiften.de\/wp-content\/uploads\/2025\/05\/251031_Scan-EinladgsKarte-KloenCafe-1-bearb-red-725x1024.jpg 725w\" sizes=\"auto, (max-width: 1239px) 100vw, 1239px\" \/><\/a><\/div><h2 class=\"w-post-elm post_title usg_post_title_1 entry-title color_link_inherit\"><a href=\"https:\/\/www.nachbarschaft-stiften.de\/index.php\/portfolio\/kloencafe\/\">Kl\u00f6ncaf\u00e9<\/a><\/h2>\t\t<\/div>\r\n\t\t\t<\/article>\r\n\t<article class=\"w-grid-item us_animate_fade off_autostart size_1x1 post-334 us_portfolio type-us_portfolio status-publish has-post-thumbnail hentry us_portfolio_category-akteure-und-freunde us_portfolio_category-termine\" data-id=\"334\" style=\"animation-delay:0.1s\">\r\n\t\t<div class=\"w-grid-item-h\">\r\n\t\t\t\t\t\t<div class=\"w-post-elm post_image usg_post_image_1 stretched\"><a href=\"https:\/\/www.nachbarschaft-stiften.de\/index.php\/portfolio\/das-rund-programm-mai-2025\/\" aria-label=\"das.Rund &#8211; Stadtteilzentrum Grafenberg\"><img loading=\"lazy\" decoding=\"async\" width=\"375\" height=\"315\" src=\"https:\/\/www.nachbarschaft-stiften.de\/wp-content\/uploads\/2025\/05\/250519_Logo-das.RUND-A4-Mai_ohne-QR.jpg\" class=\"attachment-full size-full wp-post-image\" alt=\"\" srcset=\"https:\/\/www.nachbarschaft-stiften.de\/wp-content\/uploads\/2025\/05\/250519_Logo-das.RUND-A4-Mai_ohne-QR.jpg 375w, https:\/\/www.nachbarschaft-stiften.de\/wp-content\/uploads\/2025\/05\/250519_Logo-das.RUND-A4-Mai_ohne-QR-300x252.jpg 300w\" sizes=\"auto, (max-width: 375px) 100vw, 375px\" \/><\/a><\/div><h2 class=\"w-post-elm post_title usg_post_title_1 entry-title color_link_inherit\"><a href=\"https:\/\/www.nachbarschaft-stiften.de\/index.php\/portfolio\/das-rund-programm-mai-2025\/\">das.Rund &#8211; Stadtteilzentrum Grafenberg<\/a><\/h2>\t\t<\/div>\r\n\t\t\t<\/article>\r\n\t<article class=\"w-grid-item us_animate_fade off_autostart size_1x1 post-486 us_portfolio type-us_portfolio status-publish has-post-thumbnail hentry us_portfolio_category-akteure-und-freunde\" data-id=\"486\" style=\"animation-delay:0.2s\">\r\n\t\t<div class=\"w-grid-item-h\">\r\n\t\t\t\t\t\t<div class=\"w-post-elm post_image usg_post_image_1 stretched\"><a href=\"https:\/\/www.nachbarschaft-stiften.de\/index.php\/portfolio\/weg-der-freundschaft-19-sept\/\" aria-label=\"ARCHIV &#8218;Weg der Freundschaft&#8216; (19. Sept.)\"><img loading=\"lazy\" decoding=\"async\" width=\"1800\" height=\"2545\" src=\"https:\/\/www.nachbarschaft-stiften.de\/wp-content\/uploads\/2025\/07\/250731_Weg-der-Freundschaft_A4-Plakat-web.jpg\" class=\"attachment-full size-full wp-post-image\" alt=\"\" srcset=\"https:\/\/www.nachbarschaft-stiften.de\/wp-content\/uploads\/2025\/07\/250731_Weg-der-Freundschaft_A4-Plakat-web.jpg 1800w, https:\/\/www.nachbarschaft-stiften.de\/wp-content\/uploads\/2025\/07\/250731_Weg-der-Freundschaft_A4-Plakat-web-212x300.jpg 212w, https:\/\/www.nachbarschaft-stiften.de\/wp-content\/uploads\/2025\/07\/250731_Weg-der-Freundschaft_A4-Plakat-web-724x1024.jpg 724w\" sizes=\"auto, (max-width: 1800px) 100vw, 1800px\" \/><\/a><\/div><h2 class=\"w-post-elm post_title usg_post_title_1 entry-title color_link_inherit\"><a href=\"https:\/\/www.nachbarschaft-stiften.de\/index.php\/portfolio\/weg-der-freundschaft-19-sept\/\">ARCHIV &#8218;Weg der Freundschaft&#8216; (19. Sept.)<\/a><\/h2>\t\t<\/div>\r\n\t\t\t<\/article>\r\n\t<article class=\"w-grid-item us_animate_fade off_autostart size_1x1 post-367 us_portfolio type-us_portfolio status-publish has-post-thumbnail hentry us_portfolio_category-akteure-und-freunde\" data-id=\"367\" style=\"animation-delay:0.3s\">\r\n\t\t<div class=\"w-grid-item-h\">\r\n\t\t\t\t\t\t<div class=\"w-post-elm post_image usg_post_image_1 stretched\"><a href=\"https:\/\/www.nachbarschaft-stiften.de\/index.php\/portfolio\/stadt-duesseldorf-wegweiser-fuer-aeltere-und-junggebliebene\/\" aria-label=\"Stadt D\u00fcsseldorf: Wegweiser f\u00fcr \u00c4ltere und Junggebliebene\"><img loading=\"lazy\" decoding=\"async\" width=\"800\" height=\"604\" src=\"https:\/\/www.nachbarschaft-stiften.de\/wp-content\/uploads\/2025\/05\/250519_ideogram_a-minimalist-black-and-white_bearb-gruen.jpg\" class=\"attachment-full size-full wp-post-image\" alt=\"\" srcset=\"https:\/\/www.nachbarschaft-stiften.de\/wp-content\/uploads\/2025\/05\/250519_ideogram_a-minimalist-black-and-white_bearb-gruen.jpg 800w, https:\/\/www.nachbarschaft-stiften.de\/wp-content\/uploads\/2025\/05\/250519_ideogram_a-minimalist-black-and-white_bearb-gruen-300x227.jpg 300w\" sizes=\"auto, (max-width: 800px) 100vw, 800px\" \/><\/a><\/div><h2 class=\"w-post-elm post_title usg_post_title_1 entry-title color_link_inherit\"><a href=\"https:\/\/www.nachbarschaft-stiften.de\/index.php\/portfolio\/stadt-duesseldorf-wegweiser-fuer-aeltere-und-junggebliebene\/\">Stadt D\u00fcsseldorf: Wegweiser f\u00fcr \u00c4ltere und Junggebliebene<\/a><\/h2>\t\t<\/div>\r\n\t\t\t<\/article>\r\n\t<article class=\"w-grid-item us_animate_fade off_autostart size_1x1 post-370 us_portfolio type-us_portfolio status-publish has-post-thumbnail hentry us_portfolio_category-akteure-und-freunde\" data-id=\"370\" style=\"animation-delay:0.4s\">\r\n\t\t<div class=\"w-grid-item-h\">\r\n\t\t\t\t\t\t<div class=\"w-post-elm post_image usg_post_image_1 stretched\"><a href=\"https:\/\/www.nachbarschaft-stiften.de\/index.php\/portfolio\/rund-ums-ehrenamt\/\" aria-label=\"Diakonie D\u00fcsseldorf: Rund ums Ehrenamt\"><img loading=\"lazy\" decoding=\"async\" width=\"964\" height=\"763\" src=\"https:\/\/www.nachbarschaft-stiften.de\/wp-content\/uploads\/2025\/03\/250519_ideogram-a-minimalist-black-and-white-line-art-gruen-bearb.jpg\" class=\"attachment-full size-full wp-post-image\" alt=\"\" srcset=\"https:\/\/www.nachbarschaft-stiften.de\/wp-content\/uploads\/2025\/03\/250519_ideogram-a-minimalist-black-and-white-line-art-gruen-bearb.jpg 964w, https:\/\/www.nachbarschaft-stiften.de\/wp-content\/uploads\/2025\/03\/250519_ideogram-a-minimalist-black-and-white-line-art-gruen-bearb-300x237.jpg 300w\" sizes=\"auto, (max-width: 964px) 100vw, 964px\" \/><\/a><\/div><h2 class=\"w-post-elm post_title usg_post_title_1 entry-title color_link_inherit\"><a href=\"https:\/\/www.nachbarschaft-stiften.de\/index.php\/portfolio\/rund-ums-ehrenamt\/\">Diakonie D\u00fcsseldorf: Rund ums Ehrenamt<\/a><\/h2>\t\t<\/div>\r\n\t\t\t<\/article>\r\n\t<article class=\"w-grid-item us_animate_fade off_autostart size_1x1 post-467 us_portfolio type-us_portfolio status-publish hentry us_portfolio_category-akteure-und-freunde\" data-id=\"467\" style=\"animation-delay:0.5s\">\r\n\t\t<div class=\"w-grid-item-h\">\r\n\t\t\t\t\t\t<h2 class=\"w-post-elm post_title usg_post_title_1 entry-title color_link_inherit\"><a href=\"https:\/\/www.nachbarschaft-stiften.de\/index.php\/portfolio\/einladung-hitzeschutz-14-juli\/\">ARCHIV  &#8218;Hitzeschutz&#8216; \/ 14. Juli<\/a><\/h2>\t\t<\/div>\r\n\t\t\t<\/article>\r\n<\/div>\t<div class=\"w-grid-preloader\">\r\n\t\t<div class=\"g-preloader type_1\">\r\n\t\t\t<div><\/div>\r\n\t\t<\/div>\r\n\t<\/div>\r\n\t\t<div class=\"w-grid-json hidden\" onclick='return {&quot;action&quot;:&quot;us_ajax_grid&quot;,&quot;infinite_scroll&quot;:0,&quot;max_num_pages&quot;:1,&quot;pagination&quot;:&quot;none&quot;,&quot;template_vars&quot;:{&quot;columns&quot;:&quot;3&quot;,&quot;exclude_items&quot;:&quot;none&quot;,&quot;img_size&quot;:&quot;full&quot;,&quot;ignore_items_size&quot;:0,&quot;items_layout&quot;:&quot;27&quot;,&quot;items_offset&quot;:&quot;1&quot;,&quot;load_animation&quot;:&quot;fade&quot;,&quot;overriding_link&quot;:&quot;%7B%22url%22%3A%22%22%7D&quot;,&quot;post_id&quot;:0,&quot;query_args&quot;:{&quot;post_type&quot;:[&quot;us_portfolio&quot;],&quot;tax_query&quot;:[{&quot;taxonomy&quot;:&quot;us_portfolio_category&quot;,&quot;field&quot;:&quot;slug&quot;,&quot;terms&quot;:[&quot;akteure-und-freunde&quot;]}],&quot;post_status&quot;:[&quot;publish&quot;],&quot;posts_per_page&quot;:&quot;25&quot;},&quot;orderby_query_args&quot;:{&quot;orderby&quot;:{&quot;date&quot;:&quot;DESC&quot;}},&quot;type&quot;:&quot;masonry&quot;,&quot;us_grid_post_type&quot;:&quot;us_portfolio&quot;,&quot;us_grid_ajax_index&quot;:1,&quot;us_grid_filter_query_string&quot;:null,&quot;us_grid_index&quot;:1,&quot;page_args&quot;:[]}}'><\/div>\r\n\t<\/div><\/div><\/div><\/div><\/div><\/div><\/section>\n","protected":false},"excerpt":{"rendered":"","protected":false},"author":2,"featured_media":0,"parent":0,"menu_order":0,"comment_status":"closed","ping_status":"closed","template":"","meta":{"footnotes":""},"class_list":["post-322","page","type-page","status-publish","hentry"],"_links":{"self":[{"href":"https:\/\/www.nachbarschaft-stiften.de\/index.php\/wp-json\/wp\/v2\/pages\/322","targetHints":{"allow":["GET"]}}],"collection":[{"href":"https:\/\/www.nachbarschaft-stiften.de\/index.php\/wp-json\/wp\/v2\/pages"}],"about":[{"href":"https:\/\/www.nachbarschaft-stiften.de\/index.php\/wp-json\/wp\/v2\/types\/page"}],"author":[{"embeddable":true,"href":"https:\/\/www.nachbarschaft-stiften.de\/index.php\/wp-json\/wp\/v2\/users\/2"}],"replies":[{"embeddable":true,"href":"https:\/\/www.nachbarschaft-stiften.de\/index.php\/wp-json\/wp\/v2\/comments?post=322"}],"version-history":[{"count":1,"href":"https:\/\/www.nachbarschaft-stiften.de\/index.php\/wp-json\/wp\/v2\/pages\/322\/revisions"}],"predecessor-version":[{"id":323,"href":"https:\/\/www.nachbarschaft-stiften.de\/index.php\/wp-json\/wp\/v2\/pages\/322\/revisions\/323"}],"wp:attachment":[{"href":"https:\/\/www.nachbarschaft-stiften.de\/index.php\/wp-json\/wp\/v2\/media?parent=322"}],"curies":[{"name":"wp","href":"https:\/\/api.w.org\/{rel}","templated":true}]}}